{"id":119,"date":"2024-05-30T21:02:30","date_gmt":"2024-05-30T21:02:30","guid":{"rendered":"http:\/\/comingsoon.com.ar\/mayma\/?page_id=119"},"modified":"2026-04-10T15:56:18","modified_gmt":"2026-04-10T15:56:18","slug":"alianzas","status":"publish","type":"page","link":"https:\/\/mayma.org\/en\/alianzas\/","title":{"rendered":"Partnerships"},"content":{"rendered":"<h2>Partnering to Amplify Impact<\/h2>\n<p>Is your organization seeking to drive sustainable development and regeneration in Latin America?<br \/> Are you looking for tangible ways to support those transforming their communities?<\/p>\n<figure><img decoding=\"async\" src=\"https:\/\/mayma.org\/wp-content\/uploads\/2025\/02\/2-4.jpg\" alt=\"2\" \/><\/figure>\n<figure><img decoding=\"async\" src=\"https:\/\/mayma.org\/wp-content\/uploads\/2025\/02\/Diseno-sin-titulo-2.jpg\" alt=\"Disen\u0303o sin ti\u0301tulo (2)\" \/><\/figure>\n<figure><img decoding=\"async\" src=\"https:\/\/mayma.org\/wp-content\/uploads\/2025\/03\/5.png\" alt=\"5\" \/><\/figure>\n<figure><img decoding=\"async\" src=\"https:\/\/mayma.org\/wp-content\/uploads\/2025\/02\/3-1.jpg\" alt=\"3\" \/><\/figure>\n<figure><img decoding=\"async\" src=\"https:\/\/mayma.org\/wp-content\/uploads\/2024\/10\/P1010792-2-3-scaled.jpg\" alt=\"P1010792-2 (3)\" \/><\/figure>\n<figure><img decoding=\"async\" src=\"https:\/\/mayma.org\/wp-content\/uploads\/2025\/04\/Diseno-sin-titulo-1-1.png\" alt=\"Disen\u0303o sin ti\u0301tulo (1)\" \/><\/figure>\n<p>\t\t\t\t\t\t<svg aria-hidden=\"true\" viewbox=\"0 0 1000 1000\" xmlns=\"http:\/\/www.w3.org\/2000\/svg\"><path d=\"M646 125C629 125 613 133 604 142L308 442C296 454 292 471 292 487 292 504 296 521 308 533L604 854C617 867 629 875 646 875 663 875 679 871 692 858 704 846 713 829 713 812 713 796 708 779 692 767L438 487 692 225C700 217 708 204 708 187 708 171 704 154 692 142 675 129 663 125 646 125Z\"><\/path><\/svg><br \/>\n\t\t\t\t\t\t<svg aria-hidden=\"true\" viewbox=\"0 0 1000 1000\" xmlns=\"http:\/\/www.w3.org\/2000\/svg\"><path d=\"M696 533C708 521 713 504 713 487 713 471 708 454 696 446L400 146C388 133 375 125 354 125 338 125 325 129 313 142 300 154 292 171 292 187 292 204 296 221 308 233L563 492 304 771C292 783 288 800 288 817 288 833 296 850 308 863 321 871 338 875 354 875 371 875 388 867 400 854L696 533Z\"><\/path><\/svg>\t\t\t\t\t<\/p>\n<p>Since 2007, Mayma has been strengthening inclusive and regenerative entrepreneurial communities through peer learning, strategic mentorship, skills development, market access, and financing opportunities.<br \/> We\u2019ve supported over <b>9,600 impact-driven ventures<\/b> across <b>Argentina, Chile, Colombia, Mexico, and Uruguay<\/b>, building an active network of changemakers.<\/p>\n<p>Today, we invite you to join this mission\u2014combining forces to amplify positive impact across the region.<\/p>\n<h2>We take care of:<\/h2>\n<p>\t\t\t\t\t\t\t\t\t\t\t\t\t\t\t<img decoding=\"async\" width=\"65\" height=\"65\" src=\"https:\/\/mayma.org\/wp-content\/uploads\/2024\/05\/icono1.png\" alt=\"\" \/>\t\t\t\t\t\t\t\t\t\t\t\t\t\t\t<\/p>\n<p>Initial diagnosis<\/p>\n<p>\t\t\t\t\t\t\t\t\t\t\t\t\t\t\t<img decoding=\"async\" width=\"76\" height=\"72\" src=\"https:\/\/mayma.org\/wp-content\/uploads\/2024\/05\/icono2.png\" alt=\"\" \/>\t\t\t\t\t\t\t\t\t\t\t\t\t\t\t<\/p>\n<p>Call for participants<\/p>\n<p>\t\t\t\t\t\t\t\t\t\t\t\t\t\t\t<img decoding=\"async\" width=\"66\" height=\"68\" src=\"https:\/\/mayma.org\/wp-content\/uploads\/2024\/05\/icono3.png\" alt=\"\" \/>\t\t\t\t\t\t\t\t\t\t\t\t\t\t\t<\/p>\n<p>Methodology<\/p>\n<p>\t\t\t\t\t\t\t\t\t\t\t\t\t\t\t<img loading=\"lazy\" decoding=\"async\" width=\"67\" height=\"67\" src=\"https:\/\/mayma.org\/wp-content\/uploads\/2024\/05\/icono4.png\" alt=\"\" \/>\t\t\t\t\t\t\t\t\t\t\t\t\t\t\t<\/p>\n<p>Project implementation<br \/>del proyecto<\/p>\n<p>\t\t\t\t\t\t\t\t\t\t\t\t\t\t\t<img loading=\"lazy\" decoding=\"async\" width=\"68\" height=\"72\" src=\"https:\/\/mayma.org\/wp-content\/uploads\/2024\/05\/icono5.png\" alt=\"\" \/>\t\t\t\t\t\t\t\t\t\t\t\t\t\t\t<\/p>\n<p>Impact indicators measurement<br \/>Accelerator<\/p>\n<p>\t\t\t\t\t\t\t\t\t\t\t\t\t\t\t<img loading=\"lazy\" decoding=\"async\" width=\"54\" height=\"68\" src=\"https:\/\/mayma.org\/wp-content\/uploads\/2024\/05\/icono6.png\" alt=\"\" \/>\t\t\t\t\t\t\t\t\t\t\t\t\t\t\t<\/p>\n<p>Results report<br \/>de resultados<\/p>\n<h2>Co-creating the project in collaboration<br \/>\nwith partner organizations<\/h2>\n<h2>2024 Indicators<\/h2>\n<p>\t\t\t\t\t\t\t\t\t\t\t\t\t\t\t<img loading=\"lazy\" decoding=\"async\" width=\"1024\" height=\"172\" src=\"https:\/\/mayma.org\/wp-content\/uploads\/2025\/05\/indicadores.webp\" alt=\"\" srcset=\"https:\/\/mayma.org\/wp-content\/uploads\/2025\/05\/indicadores.webp 1024w, https:\/\/mayma.org\/wp-content\/uploads\/2025\/05\/indicadores-300x50.webp 300w, https:\/\/mayma.org\/wp-content\/uploads\/2025\/05\/indicadores-768x129.webp 768w, https:\/\/mayma.org\/wp-content\/uploads\/2025\/05\/indicadores-18x3.webp 18w\" sizes=\"(max-width: 1024px) 100vw, 1024px\" \/>\t\t\t\t\t\t\t\t\t\t\t\t\t\t\t<\/p>\n<h2>In our Partners' Words...<\/h2>\n<p>De aliados<\/p>\n<p>\t\t\t\t\t\t\t\t\t\t\t\t\t\t\t\t<a href=\"https:\/\/www.linkedin.com\/in\/constanzagorleri\/\"><br \/>\n\t\t\t\t\t\t\t<img loading=\"lazy\" decoding=\"async\" width=\"1920\" height=\"1080\" src=\"https:\/\/mayma.org\/wp-content\/uploads\/2025\/05\/Constanza-Gorleri_En.webp\" alt=\"\" srcset=\"https:\/\/mayma.org\/wp-content\/uploads\/2025\/05\/Constanza-Gorleri_En.webp 1024w, https:\/\/mayma.org\/wp-content\/uploads\/2025\/05\/Constanza-Gorleri_En-300x300.webp 300w, https:\/\/mayma.org\/wp-content\/uploads\/2025\/05\/Constanza-Gorleri_En-150x150.webp 150w, https:\/\/mayma.org\/wp-content\/uploads\/2025\/05\/Constanza-Gorleri_En-768x768.webp 768w, https:\/\/mayma.org\/wp-content\/uploads\/2025\/05\/Constanza-Gorleri_En-12x12.webp 12w\" sizes=\"(max-width: 1920px) 100vw, 1920px\" \/>\t\t\t\t\t\t\t\t<\/a><br \/>\n\t\t\t\t\t\t\t\t\t\t\t\t\t\t\t<img loading=\"lazy\" decoding=\"async\" width=\"1024\" height=\"1024\" src=\"https:\/\/mayma.org\/wp-content\/uploads\/2025\/05\/Natalio-Godoy_En.webp\" alt=\"\" srcset=\"https:\/\/mayma.org\/wp-content\/uploads\/2025\/05\/Natalio-Godoy_En.webp 1024w, https:\/\/mayma.org\/wp-content\/uploads\/2025\/05\/Natalio-Godoy_En-300x300.webp 300w, https:\/\/mayma.org\/wp-content\/uploads\/2025\/05\/Natalio-Godoy_En-150x150.webp 150w, https:\/\/mayma.org\/wp-content\/uploads\/2025\/05\/Natalio-Godoy_En-768x768.webp 768w, https:\/\/mayma.org\/wp-content\/uploads\/2025\/05\/Natalio-Godoy_En-12x12.webp 12w\" sizes=\"(max-width: 1024px) 100vw, 1024px\" \/><br \/>\n\t\t\t\t\t\t\t\t\t\t\t\t\t\t\t\t<a href=\"https:\/\/www.linkedin.com\/in\/payal-pathak-5652b813\/\"><br \/>\n\t\t\t\t\t\t\t<img loading=\"lazy\" decoding=\"async\" width=\"1920\" height=\"1080\" src=\"https:\/\/mayma.org\/wp-content\/uploads\/2025\/05\/Payol-Pathok_ing.webp\" alt=\"\" srcset=\"https:\/\/mayma.org\/wp-content\/uploads\/2025\/05\/Payol-Pathok_ing.webp 1024w, https:\/\/mayma.org\/wp-content\/uploads\/2025\/05\/Payol-Pathok_ing-300x300.webp 300w, https:\/\/mayma.org\/wp-content\/uploads\/2025\/05\/Payol-Pathok_ing-150x150.webp 150w, https:\/\/mayma.org\/wp-content\/uploads\/2025\/05\/Payol-Pathok_ing-768x768.webp 768w, https:\/\/mayma.org\/wp-content\/uploads\/2025\/05\/Payol-Pathok_ing-12x12.webp 12w\" sizes=\"(max-width: 1920px) 100vw, 1920px\" \/>\t\t\t\t\t\t\t\t<\/a><\/p>\n<p style=\"text-align: center;\" class=\"translation-block\">Contanza: Mayma is a valuable ally that inspires us to resonate with the entrepreneurial spirit, driving positive impact for people and the planet. Together, we can undoubtedly amplify and lead the change the world needs. We believe in the power of communities to build a more just and sustainable future. We remain committed to supporting the growth of projects that transform realities through conscious action.<\/p>\n<p style=\"text-align: center;\">We have forged a strategic alliance with Mayma based on a mutual commitment to promoting an aquaculture model based on regenerative sustainability. This partnership stems from a shared vision: to transform the way aquaculture is designed and operated, not only by minimizing its environmental impact, but also by reversing previous damage and actively contributing to the regeneration of aquatic ecosystems.<\/p>\n<p style=\"text-align: center;\">Visa Foundation seeks to support economies where individuals, businesses, and communities can thrive. Through our partnership with Mayma, we support entrepreneurs who are driving regenerative business models with a strong commitment to building resilient communities. We are proud to back initiatives that strengthen the entrepreneurial ecosystem in Latin America, promoting solutions that create positive economic, social, and environmental impact.<\/p>\n<p>\t\t\t\t\t\t\t\t\t\t\t\t\t\t\t<img loading=\"lazy\" decoding=\"async\" width=\"84\" height=\"78\" src=\"https:\/\/mayma.org\/wp-content\/uploads\/2024\/06\/Capa-2.jpg\" alt=\"\" \/><br \/>\n\t\t\t\t\t\t\t\t\t\t\t\t\t\t\t<img decoding=\"async\" src=\"https:\/\/mayma.org\/wp-content\/uploads\/2025\/05\/18-years-v3.png\" title=\"Mayma web\" alt=\"Mayma web\" loading=\"lazy\" \/>\t\t\t\t\t\t\t\t\t\t\t\t\t\t\t<\/p>\n<p>Empowering<br \/>entrepreneurs<\/p>\n<p>\t\t\t\t\t\t\t\t\t\t\t\t\t\t\t<img loading=\"lazy\" decoding=\"async\" width=\"80\" height=\"80\" src=\"https:\/\/mayma.org\/wp-content\/uploads\/2024\/06\/Capa-1.jpg\" alt=\"\" \/><br \/>\n\t\t\t\t\t\t\t\t\t\t\t\t\t\t\t<img loading=\"lazy\" decoding=\"async\" width=\"1920\" height=\"1080\" src=\"https:\/\/mayma.org\/wp-content\/uploads\/2024\/10\/Mayma-web-1.png\" alt=\"\" srcset=\"https:\/\/mayma.org\/wp-content\/uploads\/2024\/10\/Mayma-web-1.png 1920w, https:\/\/mayma.org\/wp-content\/uploads\/2024\/10\/Mayma-web-1-300x169.png 300w, https:\/\/mayma.org\/wp-content\/uploads\/2024\/10\/Mayma-web-1-1024x576.png 1024w, https:\/\/mayma.org\/wp-content\/uploads\/2024\/10\/Mayma-web-1-768x432.png 768w, https:\/\/mayma.org\/wp-content\/uploads\/2024\/10\/Mayma-web-1-1536x864.png 1536w\" sizes=\"(max-width: 1920px) 100vw, 1920px\" \/>\t\t\t\t\t\t\t\t\t\t\t\t\t\t\t<\/p>\n<p>Empowered<\/p>\n<p>ventures<\/p>\n<p>\t\t\t\t\t\t\t\t\t\t\t\t\t\t\t<img loading=\"lazy\" decoding=\"async\" width=\"86\" height=\"86\" src=\"https:\/\/mayma.org\/wp-content\/uploads\/2024\/06\/Capa-4.jpg\" alt=\"\" \/><br \/>\n\t\t\t\t\t\t\t\t\t\t\t\t\t\t\t<img loading=\"lazy\" decoding=\"async\" width=\"4080\" height=\"2295\" src=\"https:\/\/mayma.org\/wp-content\/uploads\/2025\/01\/Copia-de-Mayma-web-2.png\" alt=\"\" srcset=\"https:\/\/mayma.org\/wp-content\/uploads\/2025\/01\/Copia-de-Mayma-web-2.png 4080w, https:\/\/mayma.org\/wp-content\/uploads\/2025\/01\/Copia-de-Mayma-web-2-300x169.png 300w, https:\/\/mayma.org\/wp-content\/uploads\/2025\/01\/Copia-de-Mayma-web-2-1024x576.png 1024w, https:\/\/mayma.org\/wp-content\/uploads\/2025\/01\/Copia-de-Mayma-web-2-768x432.png 768w, https:\/\/mayma.org\/wp-content\/uploads\/2025\/01\/Copia-de-Mayma-web-2-1536x864.png 1536w, https:\/\/mayma.org\/wp-content\/uploads\/2025\/01\/Copia-de-Mayma-web-2-2048x1152.png 2048w\" sizes=\"(max-width: 4080px) 100vw, 4080px\" \/>\t\t\t\t\t\t\t\t\t\t\t\t\t\t\t<\/p>\n<p>LATAM countries<\/p>\n<p>\t\t\t\t\t\t\t\t\t\t\t\t\t\t\t<img loading=\"lazy\" decoding=\"async\" width=\"84\" height=\"84\" src=\"https:\/\/mayma.org\/wp-content\/uploads\/2024\/06\/Capa-3.jpg\" alt=\"\" \/><br \/>\n\t\t\t\t\t\t\t\t\t\t\t\t\t\t\t<img loading=\"lazy\" decoding=\"async\" width=\"4080\" height=\"2295\" src=\"https:\/\/mayma.org\/wp-content\/uploads\/2025\/01\/Copia-de-Mayma-web-2-1.png\" alt=\"\" srcset=\"https:\/\/mayma.org\/wp-content\/uploads\/2025\/01\/Copia-de-Mayma-web-2-1.png 4080w, https:\/\/mayma.org\/wp-content\/uploads\/2025\/01\/Copia-de-Mayma-web-2-1-300x169.png 300w, https:\/\/mayma.org\/wp-content\/uploads\/2025\/01\/Copia-de-Mayma-web-2-1-1024x576.png 1024w, https:\/\/mayma.org\/wp-content\/uploads\/2025\/01\/Copia-de-Mayma-web-2-1-768x432.png 768w, https:\/\/mayma.org\/wp-content\/uploads\/2025\/01\/Copia-de-Mayma-web-2-1-1536x864.png 1536w, https:\/\/mayma.org\/wp-content\/uploads\/2025\/01\/Copia-de-Mayma-web-2-1-2048x1152.png 2048w\" sizes=\"(max-width: 4080px) 100vw, 4080px\" \/>\t\t\t\t\t\t\t\t\t\t\t\t\t\t\t<\/p>\n<p>Business mentors<\/p>\n<figure><img decoding=\"async\" src=\"https:\/\/mayma.org\/wp-content\/uploads\/2025\/05\/Gender-Equality.jpg\" alt=\"SDG_icons_ACEFRS JUNE2019_MS\" \/><\/figure>\n<figure><img decoding=\"async\" src=\"https:\/\/mayma.org\/wp-content\/uploads\/2025\/05\/Decent-Work-and-Economic-Growth.jpg\" alt=\"S_SDG-goals_icons-individual-rgb-08\" \/><\/figure>\n<figure><img decoding=\"async\" src=\"https:\/\/mayma.org\/wp-content\/uploads\/2025\/05\/Reduced-Inequalities.jpg\" alt=\"SDG_icons_ACEFRS JUNE2019\" \/><\/figure>\n<figure><img decoding=\"async\" src=\"https:\/\/mayma.org\/wp-content\/uploads\/2025\/05\/Responsible-Consumption-and-Production.jpg\" alt=\"1200px-Sustainable_Development_Goal-es-06\" \/><\/figure>\n<figure><img decoding=\"async\" src=\"https:\/\/mayma.org\/wp-content\/uploads\/2025\/05\/Climate-Action.jpg\" alt=\"SDG_icons_ACEFRS JUNE\" \/><\/figure>\n<figure><img decoding=\"async\" src=\"https:\/\/mayma.org\/wp-content\/uploads\/2025\/05\/Life-Below-Water.jpg\" alt=\"SDG_icons_\" \/><\/figure>\n<figure><img decoding=\"async\" src=\"https:\/\/mayma.org\/wp-content\/uploads\/2025\/05\/Life-on-Land.jpg\" alt=\"S_SDG-goals_icons-individual-rgb-15\" \/><\/figure>\n<figure><img decoding=\"async\" src=\"https:\/\/mayma.org\/wp-content\/uploads\/2025\/05\/Partnerships-fot-the-goals.jpg\" alt=\"Sustainable_\" \/><\/figure>\n<p><strong>Donors and Partners<\/strong><\/p>\n<figure><img decoding=\"async\" src=\"https:\/\/mayma.org\/wp-content\/uploads\/2024\/06\/logo8.png\" alt=\"logo8\" \/><\/figure>\n<figure><img decoding=\"async\" src=\"https:\/\/mayma.org\/wp-content\/uploads\/2024\/06\/logo9-e1744634647987.png\" alt=\"logo9\" \/><\/figure>\n<figure><img decoding=\"async\" src=\"https:\/\/mayma.org\/wp-content\/uploads\/2024\/06\/jj-1-e1744634743142.png\" alt=\"j&amp;j\" \/><\/figure>\n<figure><img decoding=\"async\" src=\"https:\/\/mayma.org\/wp-content\/uploads\/2024\/06\/logo1.png\" alt=\"logo1\" \/><\/figure>\n<figure><img decoding=\"async\" src=\"https:\/\/mayma.org\/wp-content\/uploads\/2024\/06\/logo2.png\" alt=\"logo2\" \/><\/figure>\n<figure><img decoding=\"async\" src=\"https:\/\/mayma.org\/wp-content\/uploads\/2024\/06\/logo3-e1744634809704.png\" alt=\"logo3\" \/><\/figure>\n<figure><img decoding=\"async\" src=\"https:\/\/mayma.org\/wp-content\/uploads\/2024\/06\/logo4.png\" alt=\"logo4\" \/><\/figure>\n<figure><img decoding=\"async\" src=\"https:\/\/mayma.org\/wp-content\/uploads\/2024\/06\/logo5.png\" alt=\"logo5\" \/><\/figure>\n<figure><img decoding=\"async\" src=\"https:\/\/mayma.org\/wp-content\/uploads\/2024\/06\/logo6.png\" alt=\"logo6\" \/><\/figure>\n<figure><img decoding=\"async\" src=\"https:\/\/mayma.org\/wp-content\/uploads\/2024\/06\/logo7.png\" alt=\"logo7\" \/><\/figure>\n<figure><img decoding=\"async\" src=\"https:\/\/mayma.org\/wp-content\/uploads\/2024\/06\/bioguia-1-e1744634877267.png\" alt=\"bioguia\" \/><\/figure>\n<figure><img decoding=\"async\" src=\"https:\/\/mayma.org\/wp-content\/uploads\/2024\/06\/sumatoria-1.png\" alt=\"sumatoria\" \/><\/figure>\n<figure><img decoding=\"async\" src=\"https:\/\/mayma.org\/wp-content\/uploads\/2024\/06\/ovis-1.png\" alt=\"ovis\" \/><\/figure>\n<figure><img decoding=\"async\" src=\"https:\/\/mayma.org\/wp-content\/uploads\/2024\/06\/pro-mujer-1.png\" alt=\"pro mujer\" \/><\/figure>\n<figure><img decoding=\"async\" src=\"https:\/\/mayma.org\/wp-content\/uploads\/2024\/06\/rewilding.png\" alt=\"rewilding\" \/><\/figure>\n<figure><img decoding=\"async\" src=\"https:\/\/mayma.org\/wp-content\/uploads\/2024\/06\/sistemaB-1.png\" alt=\"sistemaB\" \/><\/figure>\n<p>\t\t\t\t\t\t<svg aria-hidden=\"true\" viewbox=\"0 0 1000 1000\" xmlns=\"http:\/\/www.w3.org\/2000\/svg\"><path d=\"M646 125C629 125 613 133 604 142L308 442C296 454 292 471 292 487 292 504 296 521 308 533L604 854C617 867 629 875 646 875 663 875 679 871 692 858 704 846 713 829 713 812 713 796 708 779 692 767L438 487 692 225C700 217 708 204 708 187 708 171 704 154 692 142 675 129 663 125 646 125Z\"><\/path><\/svg><br \/>\n\t\t\t\t\t\t<svg aria-hidden=\"true\" viewbox=\"0 0 1000 1000\" xmlns=\"http:\/\/www.w3.org\/2000\/svg\"><path d=\"M696 533C708 521 713 504 713 487 713 471 708 454 696 446L400 146C388 133 375 125 354 125 338 125 325 129 313 142 300 154 292 171 292 187 292 204 296 221 308 233L563 492 304 771C292 783 288 800 288 817 288 833 296 850 308 863 321 871 338 875 354 875 371 875 388 867 400 854L696 533Z\"><\/path><\/svg>\t\t\t\t\t<\/p>\n<p><strong>Certified by<\/strong><\/p>\n<p>\t\t\t\t\t\t\t\t\t\t\t\t\t\t\t<img loading=\"lazy\" decoding=\"async\" width=\"419\" height=\"108\" src=\"https:\/\/mayma.org\/wp-content\/uploads\/2024\/06\/caf-1.png\" alt=\"\" srcset=\"https:\/\/mayma.org\/wp-content\/uploads\/2024\/06\/caf-1.png 419w, https:\/\/mayma.org\/wp-content\/uploads\/2024\/06\/caf-1-300x77.png 300w\" sizes=\"(max-width: 419px) 100vw, 419px\" \/><\/p>","protected":false},"excerpt":{"rendered":"<p>Aliarse para amplificar el impacto \u00bfTu organizaci\u00f3n busca impulsar el desarrollo sostenible y la regeneraci\u00f3n en Am\u00e9rica Latina? \u00bfEst\u00e1n buscando c\u00f3mo contribuir de manera concreta acompa\u00f1ando a quienes transforman sus territorios? Desde 2007, en Mayma fortalecemos comunidades emprendedoras inclusivas y regenerativas a trav\u00e9s del aprendizaje entre pares, mentor\u00eda estrat\u00e9gica, desarrollo de habilidades, vinculaci\u00f3n con mercados [&hellip;]<\/p>","protected":false},"author":3,"featured_media":0,"parent":0,"menu_order":0,"comment_status":"closed","ping_status":"closed","template":"","meta":{"site-sidebar-layout":"no-sidebar","site-content-layout":"","ast-site-content-layout":"full-width-container","site-content-style":"default","site-sidebar-style":"default","ast-global-header-display":"","ast-banner-title-visibility":"","ast-main-header-display":"","ast-hfb-above-header-display":"","ast-hfb-below-header-display":"","ast-hfb-mobile-header-display":"","site-post-title":"disabled","ast-breadcrumbs-content":"","ast-featured-img":"disabled","footer-sml-layout":"","ast-disable-related-posts":"","theme-transparent-header-meta":"disabled","adv-header-id-meta":"","stick-header-meta":"","header-above-stick-meta":"","header-main-stick-meta":"","header-below-stick-meta":"","astra-migrate-meta-layouts":"default","ast-page-background-enabled":"default","ast-page-background-meta":{"desktop":{"background-color":"var(--ast-global-color-4)","background-image":"","background-repeat":"repeat","background-position":"center center","background-size":"auto","background-attachment":"scroll","background-type":"","background-media":"","overlay-type":"","overlay-color":"","overlay-opacity":"","overlay-gradient":""},"tablet":{"background-color":"","background-image":"","background-repeat":"repeat","background-position":"center center","background-size":"auto","background-attachment":"scroll","background-type":"","background-media":"","overlay-type":"","overlay-color":"","overlay-opacity":"","overlay-gradient":""},"mobile":{"background-color":"","background-image":"","background-repeat":"repeat","background-position":"center center","background-size":"auto","background-attachment":"scroll","background-type":"","background-media":"","overlay-type":"","overlay-color":"","overlay-opacity":"","overlay-gradient":""}},"ast-content-background-meta":{"desktop":{"background-color":"var(--ast-global-color-5)","background-image":"","background-repeat":"repeat","background-position":"center center","background-size":"auto","background-attachment":"scroll","background-type":"","background-media":"","overlay-type":"","overlay-color":"","overlay-opacity":"","overlay-gradient":""},"tablet":{"background-color":"var(--ast-global-color-5)","background-image":"","background-repeat":"repeat","background-position":"center center","background-size":"auto","background-attachment":"scroll","background-type":"","background-media":"","overlay-type":"","overlay-color":"","overlay-opacity":"","overlay-gradient":""},"mobile":{"background-color":"var(--ast-global-color-5)","background-image":"","background-repeat":"repeat","background-position":"center center","background-size":"auto","background-attachment":"scroll","background-type":"","background-media":"","overlay-type":"","overlay-color":"","overlay-opacity":"","overlay-gradient":""}},"footnotes":""},"class_list":["post-119","page","type-page","status-publish","hentry"],"_links":{"self":[{"href":"https:\/\/mayma.org\/en\/wp-json\/wp\/v2\/pages\/119","targetHints":{"allow":["GET"]}}],"collection":[{"href":"https:\/\/mayma.org\/en\/wp-json\/wp\/v2\/pages"}],"about":[{"href":"https:\/\/mayma.org\/en\/wp-json\/wp\/v2\/types\/page"}],"author":[{"embeddable":true,"href":"https:\/\/mayma.org\/en\/wp-json\/wp\/v2\/users\/3"}],"replies":[{"embeddable":true,"href":"https:\/\/mayma.org\/en\/wp-json\/wp\/v2\/comments?post=119"}],"version-history":[{"count":193,"href":"https:\/\/mayma.org\/en\/wp-json\/wp\/v2\/pages\/119\/revisions"}],"predecessor-version":[{"id":4061,"href":"https:\/\/mayma.org\/en\/wp-json\/wp\/v2\/pages\/119\/revisions\/4061"}],"wp:attachment":[{"href":"https:\/\/mayma.org\/en\/wp-json\/wp\/v2\/media?parent=119"}],"curies":[{"name":"wp","href":"https:\/\/api.w.org\/{rel}","templated":true}]}}